{"id":12,"date":"2020-09-15T10:28:33","date_gmt":"2020-09-15T09:28:33","guid":{"rendered":"https:\/\/www.ta.viaargila.pt\/contact\/"},"modified":"2023-07-07T12:51:09","modified_gmt":"2023-07-07T11:51:09","slug":"contactos","status":"publish","type":"page","link":"https:\/\/toolaudit.pt\/en\/contactos\/","title":{"rendered":"ToolAudit Contacts"},"content":{"rendered":"\n<div class=\" wp-block-cover alignfull eplus-wrapper\" style=\"min-height:535px;aspect-ratio:unset;\"><span aria-hidden=\"true\" class=\"wp-block-cover__background has-ast-global-color-2-background-color has-background-dim-20 has-background-dim\"><\/span><img loading=\"lazy\" decoding=\"async\" width=\"1920\" height=\"1080\" class=\"wp-block-cover__image-background wp-image-426\" alt=\"\" src=\"https:\/\/toolaudit.pt\/wp-content\/uploads\/2023\/07\/6.jpg\" data-object-fit=\"cover\" srcset=\"https:\/\/toolaudit.pt\/wp-content\/uploads\/2023\/07\/6.jpg 1920w, https:\/\/toolaudit.pt\/wp-content\/uploads\/2023\/07\/6-300x169.jpg 300w, https:\/\/toolaudit.pt\/wp-content\/uploads\/2023\/07\/6-1024x576.jpg 1024w, https:\/\/toolaudit.pt\/wp-content\/uploads\/2023\/07\/6-768x432.jpg 768w, https:\/\/toolaudit.pt\/wp-content\/uploads\/2023\/07\/6-1536x864.jpg 1536w, https:\/\/toolaudit.pt\/wp-content\/uploads\/2023\/07\/6-18x10.jpg 18w\" sizes=\"auto, (max-width: 1920px) 100vw, 1920px\" \/><div class=\"wp-block-cover__inner-container is-layout-flow wp-block-cover-is-layout-flow\">\n<h1 class=\" wp-block-heading has-text-align-center has-white-color has-text-color eplus-wrapper\">Contactos toolaudit<\/h1>\n<\/div><\/div>\n\n\n\n<div class=\"inherit-container-width wp-block-group alignfull has-ast-global-color-5-background-color has-background eplus-wrapper is-layout-constrained wp-block-group-is-layout-constrained\"><div class=\"wp-block-group__inner-container\"><div class=\"wp-block-columns alignwide eplus-wrapper is-layout-flex wp-container-core-columns-is-layout-28f84493 wp-block-columns-is-layout-flex eplus-styles-uid-affa34\">\n<div class=\"wp-block-column eplus-wrapper is-layout-flow wp-block-column-is-layout-flow\">\n<p class=\" eplus-wrapper\">ToolAudit &#8211; Compromisso com a Qualidade<\/p>\n\n\n\n<h2 class=\" wp-block-heading eplus-wrapper\">Contacto em Portugal<\/h2>\n\n\n\n<p class=\" eplus-wrapper\"><strong>Morada:<\/strong> Abrantes<br><strong>Telefone:<\/strong> +351 966 037 078<\/p>\n\n\n\n<h6 class=\" wp-block-heading eplus-wrapper\">Nota: Chamada para a rede m\u00f3vel nacional Portuguesa.<\/h6>\n\n\n\n<p class=\" eplus-wrapper\"><strong>Hor\u00e1rio de Atendimento<\/strong><br>Segunda a Sexta-feira das 09h30 \u00e0s 13h00 e das 14h30 \u00e0s 18h00<\/p>\n\n\n<\/div>\n<\/div>\n\n\n<hr class=\"is-style-wide wp-block-separator has-css-opacity eplus-wrapper\"\/>\n\n\n\n<h2 class=\" wp-block-heading eplus-wrapper\">Ou se preferir envie-nos uma mensagem<\/h2>\n\n\n<div class=\"wpforms-container wpforms-block wpforms-block-b7a44686-9267-4690-b648-621a5b40b3f1\" id=\"wpforms-7\"><form id=\"wpforms-form-7\" class=\"wpforms-validate wpforms-form\" data-formid=\"7\" method=\"post\" enctype=\"multipart\/form-data\" action=\"\/en\/wp-json\/wp\/v2\/pages\/12\" data-token=\"8614ce56198a1cd0e6804177c775a68d\" data-token-time=\"1778787214\"><noscript class=\"wpforms-error-noscript\">Please enable JavaScript in your browser to complete this form.<\/noscript><div class=\"wpforms-field-container\"><div id=\"wpforms-7-field_0-container\" class=\"wpforms-field wpforms-field-name\" data-field-id=\"0\"><label class=\"wpforms-field-label\" for=\"wpforms-7-field_0\">O seu nome <span class=\"wpforms-required-label\">*<\/span><\/label><input type=\"text\" id=\"wpforms-7-field_0\" class=\"wpforms-field-large wpforms-field-required\" name=\"wpforms[fields][0]\" required><\/div><div id=\"wpforms-7-field_1-container\" class=\"wpforms-field wpforms-field-email\" data-field-id=\"1\"><label class=\"wpforms-field-label\" for=\"wpforms-7-field_1\">O seu e-mail <span class=\"wpforms-required-label\">*<\/span><\/label><input type=\"email\" id=\"wpforms-7-field_1\" class=\"wpforms-field-large wpforms-field-required\" name=\"wpforms[fields][1]\" spellcheck=\"false\" required><\/div><div id=\"wpforms-7-field_4-container\" class=\"wpforms-field wpforms-field-name\" data-field-id=\"4\"><label class=\"wpforms-field-label\" for=\"wpforms-7-field_4\">Assunto <span class=\"wpforms-required-label\">*<\/span><\/label><input type=\"text\" id=\"wpforms-7-field_4\" class=\"wpforms-field-large wpforms-field-required\" name=\"wpforms[fields][4]\" required><\/div><div id=\"wpforms-7-field_2-container\" class=\"wpforms-field wpforms-field-textarea\" data-field-id=\"2\"><label class=\"wpforms-field-label\" for=\"wpforms-7-field_2\">A sua mensagem <span class=\"wpforms-required-label\">*<\/span><\/label><textarea id=\"wpforms-7-field_2\" class=\"wpforms-field-medium wpforms-field-required\" name=\"wpforms[fields][2]\" required><\/textarea><\/div><\/div><!-- .wpforms-field-container --><div class=\"wpforms-field wpforms-field-hp\"><label for=\"wpforms-7-field-hp\" class=\"wpforms-field-label\">Email<\/label><input type=\"text\" name=\"wpforms[hp]\" id=\"wpforms-7-field-hp\" class=\"wpforms-field-medium\"><\/div><div class=\"wpforms-recaptcha-container wpforms-is-recaptcha wpforms-is-recaptcha-type-v3\" ><input type=\"hidden\" name=\"wpforms[recaptcha]\" value=\"\"><\/div><div class=\"wpforms-submit-container\" ><input type=\"hidden\" name=\"wpforms[id]\" value=\"7\"><input type=\"hidden\" name=\"page_title\" value=\"\"><input type=\"hidden\" name=\"page_url\" value=\"https:\/\/toolaudit.pt\/en\/wp-json\/wp\/v2\/pages\/12\"><input type=\"hidden\" name=\"url_referer\" value=\"\"><button type=\"submit\" name=\"wpforms[submit]\" id=\"wpforms-submit-7\" class=\"wpforms-submit\" data-alt-text=\"A enviar...\" data-submit-text=\"Enviar mensagem\" aria-live=\"assertive\" value=\"wpforms-submit\">Enviar mensagem<\/button><\/div><\/form><\/div>  <!-- .wpforms-container --><\/div><\/div>\n\n\n\n<div class=\"inherit-container-width wp-block-group alignfull has-ast-global-color-5-background-color has-background eplus-wrapper is-layout-constrained wp-block-group-is-layout-constrained\"><div class=\"wp-block-group__inner-container\">\n<div class=\" wp-block-cover eplus-wrapper\"><span aria-hidden=\"true\" class=\"wp-block-cover__background has-background-dim\"><\/span><img loading=\"lazy\" decoding=\"async\" width=\"1920\" height=\"1080\" class=\"wp-block-cover__image-background wp-image-405\" alt=\"\" src=\"https:\/\/toolaudit.pt\/wp-content\/uploads\/2023\/07\/Contactos-Fundo.jpg\" data-object-fit=\"cover\" srcset=\"https:\/\/toolaudit.pt\/wp-content\/uploads\/2023\/07\/Contactos-Fundo.jpg 1920w, https:\/\/toolaudit.pt\/wp-content\/uploads\/2023\/07\/Contactos-Fundo-300x169.jpg 300w, https:\/\/toolaudit.pt\/wp-content\/uploads\/2023\/07\/Contactos-Fundo-1024x576.jpg 1024w, https:\/\/toolaudit.pt\/wp-content\/uploads\/2023\/07\/Contactos-Fundo-768x432.jpg 768w, https:\/\/toolaudit.pt\/wp-content\/uploads\/2023\/07\/Contactos-Fundo-1536x864.jpg 1536w, https:\/\/toolaudit.pt\/wp-content\/uploads\/2023\/07\/Contactos-Fundo-18x10.jpg 18w\" sizes=\"auto, (max-width: 1920px) 100vw, 1920px\" \/><div class=\"wp-block-cover__inner-container is-layout-flow wp-block-cover-is-layout-flow\">\n<p class=\" has-text-align-center has-large-font-size eplus-wrapper\"><\/p>\n<\/div><\/div>\n<\/div><\/div>\n","protected":false},"excerpt":{"rendered":"<p>ToolAudit &#8211; Compromisso com a Qualidade Contacto em Portugal Morada: AbrantesTelefone: +351 966 037 078 Nota: Chamada para a rede m\u00f3vel nacional Portuguesa. Hor\u00e1rio de AtendimentoSegunda a Sexta-feira das 09h30 \u00e0s 13h00 e das 14h30 \u00e0s 18h00 Ou se preferir envie-nos uma mensagem<\/p>","protected":false},"author":1,"featured_media":0,"parent":0,"menu_order":0,"comment_status":"closed","ping_status":"closed","template":"","meta":{"_uag_custom_page_level_css":"","editor_plus_copied_stylings":"{}","site-sidebar-layout":"no-sidebar","site-content-layout":"plain-container","ast-site-content-layout":"default","site-content-style":"default","site-sidebar-style":"default","ast-global-header-display":"","ast-banner-title-visibility":"","ast-main-header-display":"","ast-hfb-above-header-display":"","ast-hfb-below-header-display":"","ast-hfb-mobile-header-display":"","site-post-title":"disabled","ast-breadcrumbs-content":"","ast-featured-img":"disabled","footer-sml-layout":"","ast-disable-related-posts":"","theme-transparent-header-meta":"enabled","adv-header-id-meta":"","stick-header-meta":"","header-above-stick-meta":"","header-main-stick-meta":"","header-below-stick-meta":"","astra-migrate-meta-layouts":"default","ast-page-background-enabled":"default","ast-page-background-meta":{"desktop":{"background-color":"","background-image":"","background-repeat":"repeat","background-position":"center center","background-size":"auto","background-attachment":"scroll","background-type":"","background-media":"","overlay-type":"","overlay-color":"","overlay-opacity":"","overlay-gradient":""},"tablet":{"background-color":"","background-image":"","background-repeat":"repeat","background-position":"center center","background-size":"auto","background-attachment":"scroll","background-type":"","background-media":"","overlay-type":"","overlay-color":"","overlay-opacity":"","overlay-gradient":""},"mobile":{"background-color":"","background-image":"","background-repeat":"repeat","background-position":"center center","background-size":"auto","background-attachment":"scroll","background-type":"","background-media":"","overlay-type":"","overlay-color":"","overlay-opacity":"","overlay-gradient":""}},"ast-content-background-meta":{"desktop":{"background-color":"var(--ast-global-color-5)","background-image":"","background-repeat":"repeat","background-position":"center center","background-size":"auto","background-attachment":"scroll","background-type":"","background-media":"","overlay-type":"","overlay-color":"","overlay-opacity":"","overlay-gradient":""},"tablet":{"background-color":"var(--ast-global-color-5)","background-image":"","background-repeat":"repeat","background-position":"center center","background-size":"auto","background-attachment":"scroll","background-type":"","background-media":"","overlay-type":"","overlay-color":"","overlay-opacity":"","overlay-gradient":""},"mobile":{"background-color":"var(--ast-global-color-5)","background-image":"","background-repeat":"repeat","background-position":"center center","background-size":"auto","background-attachment":"scroll","background-type":"","background-media":"","overlay-type":"","overlay-color":"","overlay-opacity":"","overlay-gradient":""}},"footnotes":""},"class_list":["post-12","page","type-page","status-publish","hentry"],"uagb_featured_image_src":{"full":false,"thumbnail":false,"medium":false,"medium_large":false,"large":false,"1536x1536":false,"2048x2048":false,"trp-custom-language-flag":false},"uagb_author_info":{"display_name":"lmsm76","author_link":"https:\/\/toolaudit.pt\/en\/author\/lmsm76\/"},"uagb_comment_info":0,"uagb_excerpt":"ToolAudit &#8211; Compromisso com a Qualidade Contacto em Portugal Morada: AbrantesTelefone: +351 966 037 078 Nota: Chamada para a rede m\u00f3vel nacional Portuguesa. Hor\u00e1rio de AtendimentoSegunda a Sexta-feira das 09h30 \u00e0s 13h00 e das 14h30 \u00e0s 18h00 Ou se preferir envie-nos uma mensagem","_links":{"self":[{"href":"https:\/\/toolaudit.pt\/en\/wp-json\/wp\/v2\/pages\/12","targetHints":{"allow":["GET"]}}],"collection":[{"href":"https:\/\/toolaudit.pt\/en\/wp-json\/wp\/v2\/pages"}],"about":[{"href":"https:\/\/toolaudit.pt\/en\/wp-json\/wp\/v2\/types\/page"}],"author":[{"embeddable":true,"href":"https:\/\/toolaudit.pt\/en\/wp-json\/wp\/v2\/users\/1"}],"replies":[{"embeddable":true,"href":"https:\/\/toolaudit.pt\/en\/wp-json\/wp\/v2\/comments?post=12"}],"version-history":[{"count":3,"href":"https:\/\/toolaudit.pt\/en\/wp-json\/wp\/v2\/pages\/12\/revisions"}],"predecessor-version":[{"id":431,"href":"https:\/\/toolaudit.pt\/en\/wp-json\/wp\/v2\/pages\/12\/revisions\/431"}],"wp:attachment":[{"href":"https:\/\/toolaudit.pt\/en\/wp-json\/wp\/v2\/media?parent=12"}],"curies":[{"name":"wp","href":"https:\/\/api.w.org\/{rel}","templated":true}]}}